{"id":24304,"date":"2025-02-19T14:08:35","date_gmt":"2025-02-19T22:08:35","guid":{"rendered":"https:\/\/notaria32tijuana.com\/loginwp\/?page_id=24304"},"modified":"2025-03-11T12:09:15","modified_gmt":"2025-03-11T19:09:15","slug":"aviso-de-privacidad","status":"publish","type":"page","link":"https:\/\/notaria32tijuana.com\/loginwp\/notaria-32-tijuana-lic-ricardo-del-monte-madrigal\/aviso-de-privacidad\/","title":{"rendered":"AVISO DE PRIVACIDAD"},"content":{"rendered":"\t\t<div data-elementor-type=\"wp-page\" data-elementor-id=\"24304\" class=\"elementor elementor-24304\">\n\t\t\t\t        <section class=\"elementor-section elementor-top-section elementor-element elementor-element-f49a3e5 elementor-section-full_width elementor-section-height-default elementor-section-height-default pxl-row-scroll-none pxl-zoom-point-false pxl-section-overflow-visible pxl-section-fix-none pxl-full-content-with-space-none pxl-bg-color-none pxl-section-overlay-none\" data-id=\"f49a3e5\" data-element_type=\"section\" data-e-type=\"section\" data-settings=\"{&quot;background_background&quot;:&quot;classic&quot;}\">\n\n                \n                <div class=\"elementor-container elementor-column-gap-default \">\n                <div class=\"elementor-column elementor-col-100 elementor-top-column elementor-element elementor-element-0c0b544 pxl-column-none pxl-column-overflow-hidden-no\" data-id=\"0c0b544\" data-element_type=\"column\" data-e-type=\"column\">\r\n        <div class=\"elementor-widget-wrap\">\r\n                     \r\n                    <\/div>\r\n        <\/div>\r\n        \t\t\t<\/div>\n\t\t<\/section>\n\t\t        <section class=\"elementor-section elementor-top-section elementor-element elementor-element-2bac77b elementor-section-boxed elementor-section-height-default elementor-section-height-default pxl-row-scroll-none pxl-zoom-point-false pxl-section-overflow-visible pxl-section-fix-none pxl-bg-color-none pxl-section-overlay-none\" data-id=\"2bac77b\" data-element_type=\"section\" data-e-type=\"section\">\n\n                \n                <div class=\"elementor-container elementor-column-gap-default \">\n                <div class=\"elementor-column elementor-col-100 elementor-top-column elementor-element elementor-element-f2acf20 pxl-column-none pxl-column-overflow-hidden-no\" data-id=\"f2acf20\" data-element_type=\"column\" data-e-type=\"column\">\r\n        <div class=\"elementor-widget-wrap elementor-element-populated\">\r\n                     \r\n        \t\t<div class=\"elementor-element elementor-element-21ef23c elementor-widget elementor-widget-pxl_text_editor\" data-id=\"21ef23c\" data-element_type=\"widget\" data-e-type=\"widget\" id=\"aviso\" data-widget_type=\"pxl_text_editor.default\">\n\t\t\t\t<div class=\"elementor-widget-container\">\n\t\t\t\t\t<div class=\"pxl-text-editor\">\n\t<div class=\"pxl-item--inner    \" data-wow-delay=\"ms\">\n\t\t<p><strong>AVISO DE PRIVACIDAD<\/strong><\/p><p>\u00a0<\/p><p>NOTARIA 32 TIJUANA, S.C. y RICARDO DEL MONTE MADRIGAL, todos con domicilio en Calle Sonoita 10,288 Fraccionamiento Chapultepec, en Tijuana, Baja California. C. P. 22020 son los responsables del uso y protecci\u00f3n de sus datos personales, y al respecto le informamos lo siguiente:<\/p><p>\u00a0<\/p><p><strong>1.- \u00bfPARA QU\u00c9 FINES UTILIZAREMOS SUS DATOS PERSONALES?<\/strong><\/p><p>\u00a0<\/p><p>Los datos personales que recabamos de usted, los utilizaremos para las siguientes finalidades que son necesarias para el servicio que solicita:<\/p><p>\u00a0<\/p><p>Esta Notar\u00eda recaba y usa sus datos personales para el cumplimiento de las siguientes finalidades: Confirmar su identidad, Entender y atender sus necesidades de car\u00e1cter legal en materia notarial, otorgar seguridad y certeza jur\u00eddica a los hechos y actos que celebra, como pueden ser operaciones traslativas de dominio relativas a compraventas, donaciones, permutas, adjudicaciones por herencia, adjudicaciones por remate, fideicomisos, constituciones de reg\u00edmenes de propiedad en condominio, testamentos, tr\u00e1mites sucesorios, hipotecas, cancelaciones de hipotecas, ratificaciones de firmas, Fe de hechos, cotejo de documentos, entre otros.<\/p><p>\u00a0<\/p><p>De manera adicional, utilizaremos su informaci\u00f3n personal para las siguientes finalidades que no son necesarias para el servicio solicitado, pero que nos permiten y facilitan brindarle una mejor atenci\u00f3n: Elaborar los instrumentos notariales de su inter\u00e9s, brindarle asesor\u00eda legal, cumplir con los requerimientos legales que le son aplicables, verificar la informaci\u00f3n que nos proporciona.<\/p><p>\u00a0<\/p><p>En caso de que no desee que sus datos personales sean tratados para estos fines adicionales, desde este momento usted nos puede comunicar lo anterior; presentando una solicitud escrita, personalmente en nuestro domicilio dirigida a Notaria 32 Tijuana, S.C. haciendo entrega de la misma en la recepci\u00f3n de \u00e9sta Notar\u00eda; enviando un correo electr\u00f3nico a la siguiente direcci\u00f3n electr\u00f3nica: ricardo@notaria32tijuana.com, o llamando gratuitamente al n\u00famero telef\u00f3nico (664) 635-3935.<\/p><p>\u00a0<\/p><p>La negativa para el uso de sus datos personales para estas finalidades no podr\u00e1 ser un motivo para que le neguemos los servicios y productos que solicita o contrata con nosotros.<\/p><p>\u00a0<\/p><p><strong>2.- \u00bfQU\u00c9 DATOS PERSONALES UTILIZAREMOS PARA ESTOS FINES?<\/strong><\/p><p>\u00a0<\/p><p>Para llevar a cabo las finalidades descritas en el presente aviso de privacidad, utilizaremos los siguientes datos personales:<\/p><p>\u00a0<\/p><p>Datos de identificaci\u00f3n. Tales como: nombre; estado civil; firma aut\u00f3grafa y electr\u00f3nica; Registro Federal de Contribuyentes (RFC); Clave \u00danica de Registro de Poblaci\u00f3n (CURP); n\u00famero de cartilla militar; lugar y fecha de nacimiento; nacionalidad; fotograf\u00eda; edad, entre otros.<\/p><p>\u00a0<\/p><p>Datos de contacto. Tales como: domicilio; correo electr\u00f3nico; tel\u00e9fono fijo; tel\u00e9fono celular, entre otras.<\/p><p>\u00a0<\/p><p>Datos laborales. Informaci\u00f3n relativa a su empleo, cargo o comisi\u00f3n; desempe\u00f1o laboral y experiencia profesional, tales como: puesto, domicilio de trabajo, correo electr\u00f3nico institucional, tel\u00e9fono institucional; referencias laborales; fecha de ingreso y salida del empleo, entre otros.<\/p><p>\u00a0<\/p><p>Datos sobre caracter\u00edsticas f\u00edsicas. Informaci\u00f3n sobre su fisonom\u00eda, anatom\u00eda, rasgos o particularidades espec\u00edficas, como: color de la piel, del iris o del cabello; se\u00f1as particulares; estatura; peso; complexi\u00f3n, entre otras, en los casos de una fe de hechos.<\/p><p>\u00a0<\/p><p>Datos acad\u00e9micos. Informaci\u00f3n documental tales como: t\u00edtulos; c\u00e9dula profesional; certificados; reconocimientos; entre otros, en el caso de certificaciones.<\/p><p>\u00a0<\/p><p>Datos patrimoniales o financieros. Relativa a sus bienes, derechos, cargas u obligaciones susceptibles de valoraci\u00f3n econ\u00f3mica, como pueden ser: bienes muebles e inmuebles; informaci\u00f3n fiscal; historial crediticio; ingresos y egresos; cuentas bancarias; seguros; afores; fianzas, n\u00famero de tarjeta de cr\u00e9dito, n\u00famero de seguridad, entre otros, relacionados con las escrituras que elaboremos a su petici\u00f3n, o cuando se realice el pago de nuestros honorarios en su caso.<\/p><p>\u00a0<\/p><p>Adem\u00e1s de los datos personales mencionados anteriormente, para las finalidades informadas en el presente aviso de privacidad utilizaremos los siguientes datos personales considerados como sensibles, que requieren de especial protecci\u00f3n:<\/p><p>\u00a0<\/p><p>Datos biom\u00e9tricos. Informaci\u00f3n sobre la huella dactilar en caso de que usted la utilice como su firma.<\/p><p>\u00a0<\/p><p><strong>3.- \u00bfCON QUI\u00c9N COMPARTIMOS SU INFORMACI\u00d3N PERSONAL Y PARA QU\u00c9 FINES?<\/strong><\/p><p>\u00a0<\/p><p>Le informamos que sus datos personales son compartidos dentro y fuera del pa\u00eds con las siguientes personas, empresas, organizaciones y autoridades distintas a nosotros, para los siguientes fines:<\/p><p>\u00a0<\/p><p>Destinatario de los datos personales Pa\u00eds Finalidad.<\/p><p>\u00a0<\/p><p>SERVICIO DE ADMINISTRACI\u00d3N TRIBUTARIA.<\/p><p>\u00a0<\/p><p>M\u00c9XICO Notificaci\u00f3n de avisos por actos jur\u00eddicos relacionados con obligaciones fiscales y en cumplimiento de La Ley Federal para la Prevenci\u00f3n e Identificaci\u00f3n de Operaciones con Recursos de Procedencia Il\u00edcita (Art. 17).<\/p><p>\u00a0<\/p><p>PROVEEDOR DE SERVICIOS DE INTERNET O ADMINISTRADOR DE BASE DE DATOS\u00a0\u00a0 Descripci\u00f3n de la finalidad.<\/p><p>\u00a0<\/p><p>SECRETARIA DE ECONOM\u00cdA. M\u00e9xico Avisos que deban de presentarse por disposici\u00f3n legal, relacionados con los actos notariales que nos solicite.<\/p><p>\u00a0<\/p><p><strong>4.- \u00bfC\u00d3MO PUEDE ACCEDER, RECTIFICAR O CANCELAR SUS DATOS PERSONALES, U OPONERSE A SU USO?<\/strong><\/p><p>\u00a0<\/p><p>Usted tiene derecho a conocer qu\u00e9 datos personales tenemos de usted, para qu\u00e9 los utilizamos y las condiciones del uso que les damos (Acceso). Asimismo, es su derecho solicitar la correcci\u00f3n de su informaci\u00f3n personal en caso de que est\u00e9 desactualizada, sea inexacta o incompleta (Rectificaci\u00f3n); que la eliminemos de nuestros registros o bases de datos cuando considere que la misma no est\u00e1 siendo utilizada conforme a los principios, deberes y obligaciones previstas en la normativa (Cancelaci\u00f3n); as\u00ed como oponerse al uso de sus datos personales para fines espec\u00edficos (Oposici\u00f3n). Estos derechos se conocen como derechos ARCO.<\/p><p>\u00a0<\/p><p>Para el ejercicio de cualquiera de los derechos ARCO, usted deber\u00e1 presentar la solicitud respectiva: Presentando su solicitud personalmente en nuestro domicilio dirigida a la persona encargada de la privacidad en esta oficina; enviando correo electr\u00f3nico a la siguiente direcci\u00f3n electr\u00f3nica: ricardo@notaria32tijuana.com.com; llamando gratuitamente al n\u00famero telef\u00f3nico (664) 635-3935.<\/p><p>\u00a0<\/p><p>Para conocer el procedimiento y requisitos para el ejercicio de los derechos ARCO, usted podr\u00e1 llamar al siguiente n\u00famero telef\u00f3nico (664) 635-3935 ingresar a nuestro sitio de Internet www.<a href=\"https:\/\/notaria32tijuana.com\/\">notaria32tj.com<\/a>, a la secci\u00f3n Aviso de Privacidad, o bien ponerse en contacto con nuestro Departamento de Privacidad, que dar\u00e1 tr\u00e1mite a las solicitudes para el ejercicio de estos derechos, y atender\u00e1 cualquier duda que pudiera tener respecto al tratamiento de su informaci\u00f3n. Los datos de contacto del Departamento de Privacidad son los siguientes:<\/p><p>\u00a0<\/p><p>NOTARIA 32 TIJUANA, S.C. con domicilio en Calle Sonoita 10,288 Fraccionamiento Chapultepec, en Tijuana, Baja California. C. P. 22020, direcci\u00f3n electr\u00f3nica: ricardo@notaria32tijuana.com, o llamando al n\u00famero telef\u00f3nico (664) 635-3935 con nuestro Departamento de Privacidad.<\/p><p>\u00a0<\/p><p><strong>5.- \u00bfC\u00d3MO PUEDE REVOCAR SU CONSENTIMIENTO PARA EL USO DE SUS DATOS PERSONALES?<\/strong><\/p><p>\u00a0<\/p><p>Usted puede revocar el consentimiento que, en su caso, nos haya otorgado para el tratamiento de sus datos personales. Sin embargo, es importante que tenga en cuenta que no en todos los casos podremos atender su solicitud o concluir el uso de forma inmediata, ya que es posible que por alguna obligaci\u00f3n legal requiramos seguir tratando sus datos personales. Tal como nuestra obligaci\u00f3n contenida en el art\u00edculo 120 de la LEY DEL NOTARIADO PARA EL ESTADO DE BAJA CALIFORNIA, el cual exige que la informaci\u00f3n escrita en los vol\u00famenes del protocolo notarial deber\u00e1 realizarse de forma permanente, una vez firmada la escritura. Asimismo, usted deber\u00e1 considerar que para ciertos fines, la revocaci\u00f3n de su consentimiento implicar\u00e1 que no le podamos seguir prestando el servicio que nos solicit\u00f3, o la conclusi\u00f3n de su relaci\u00f3n con nosotros.<\/p><p>\u00a0<\/p><p>Para revocar su consentimiento deber\u00e1 presentar su solicitud en el siguiente domicilio: domicilio en Calle Sonoita 10.288 del Fraccionamiento Chapultepec, en Tijuana, Baja California. C. P. 22020.<\/p><p>\u00a0<\/p><p>Para conocer el procedimiento y requisitos para la revocaci\u00f3n del consentimiento, usted podr\u00e1 llamar al siguiente n\u00famero telef\u00f3nico (664) 635-3935\u00a0 ingresar a nuestro sitio de Internet www.notaria32tijuana.com a la secci\u00f3n Aviso de Privacidad o bien ponerse en contacto con nuestro Departamento de Privacidad.<\/p><p>\u00a0<\/p><p><strong>7.- \u00bfC\u00d3MO PUEDE LIMITAR EL USO O DIVULGACI\u00d3N DE SU INFORMACI\u00d3N PERSONAL?\u00a0<\/strong><\/p><p>\u00a0<\/p><p>Usted puede limitar el uso y divulgaci\u00f3n de su informaci\u00f3n personal a trav\u00e9s de los siguientes medios que hemos instrumentado:<\/p><p>\u00a0<\/p><ul><li>Presentando su solicitud personalmente en nuestro domicilio dirigida a la persona encargada de la privacidad en esta oficina.<\/li><li>Enviando correo electr\u00f3nico a la siguiente direcci\u00f3n electr\u00f3nica: ricardo@notaria32tijuana.com<\/li><li>Llamando gratuitamente al n\u00famero telef\u00f3nico (664) 635-3935.<\/li><li>\u00a0<\/li><\/ul><p>Uso de tecnolog\u00edas de rastreo en nuestro portal de internet.<\/p><p>\u00a0<\/p><p>Le informamos que en nuestra p\u00e1gina de internet utilizamos cookies, web beacons y otras tecnolog\u00edas, a trav\u00e9s de las cuales es posible monitorear su comportamiento como usuario de internet, a fin de brindarle un mejor servicio y experiencia de usuario al navegar en nuestra p\u00e1gina, as\u00ed como ofrecerle\u00a0 servicios basados en sus preferencias.<\/p><p>\u00a0<\/p><p>En las siguientes ligas podr\u00e1 conocer el mecanismo para deshabilitar cookies, web beacon y otras tecnolog\u00edas:<\/p><p>\u00a0<\/p><p>Explorer:<\/p><p>http:\/\/windows.microsoft.com\/es-419\/windows-vista\/block-or-allow-cookies<\/p><p>\u00a0<\/p><p>Link de soporte de Safari:<\/p><p>http:\/\/www.apple.com\/es\/support\/mac-apps\/safari\/<\/p><p>\u00a0<\/p><p>Safari iPhone:<\/p><p>http:\/\/support.apple.com\/kb\/HT1677?viewlocale=es_ES&amp;locale=es_ES<\/p><p>\u00a0<\/p><p>Chrome:<\/p><p>https:\/\/support.google.com\/chrome\/answer\/95647?hl=es<\/p><p>\u00a0<\/p><p><strong>8- \u00bfC\u00d3MO PUEDE CONOCER LOS CAMBIOS A ESTE AVISO DE PRIVACIDAD?<\/strong><\/p><p>\u00a0<\/p><p>El presente aviso de privacidad puede sufrir modificaciones, cambios o actualizaciones derivadas de nuevos requerimientos legales; de nuestras propias necesidades por los productos o servicios que ofrecemos; de nuestras pr\u00e1cticas de privacidad; de cambios en nuestro modelo de negocio, o por otras causas.<\/p><p>\u00a0<\/p><p>Nos comprometemos a mantenerlo informado sobre los cambios que pueda sufrir el presente aviso de privacidad, a trav\u00e9s de nuestro portal de internet www.notaria32tijuana.com en la secci\u00f3n Aviso de Privacidad.<\/p><p>\u00a0<\/p><p>El procedimiento a trav\u00e9s del cual se llevar\u00e1n a cabo las notificaciones sobre cambios o actualizaciones al presente aviso de privacidad ser\u00e1 a trav\u00e9s de alguno de los siguientes medios: Nuestra p\u00e1gina de Internet <a href=\"https:\/\/notaria32tijuana.com\/\">www.notaria32tj.com<\/a>, notificaci\u00f3n a su correo electr\u00f3nico, en la primera comunicaci\u00f3n que tengamos con usted despu\u00e9s del cambio.<\/p><p>\u00a0<\/p><p>\u00daltima actualizaci\u00f3n 19 de Febrero de 2025.<\/p>\t\t\n\t<\/div>\n<\/div>\t\t\t\t<\/div>\n\t\t\t\t<\/div>\n\t\t            <\/div>\r\n        <\/div>\r\n        \t\t\t<\/div>\n\t\t<\/section>\n\t\t\t\t<\/div>\n\t\t","protected":false},"excerpt":{"rendered":"<p>AVISO DE PRIVACIDAD \u00a0 NOTARIA 32 TIJUANA, S.C. y RICARDO DEL MONTE MADRIGAL, todos con domicilio en Calle Sonoita 10,288 Fraccionamiento Chapultepec, en Tijuana, Baja California. C. P. 22020 son los responsables del uso y protecci\u00f3n de sus datos personales, y al respecto le informamos lo siguiente: \u00a0 1.- \u00bfPARA QU\u00c9 FINES UTILIZAREMOS SUS DATOS [&hellip;]<\/p>\n","protected":false},"author":1,"featured_media":0,"parent":18617,"menu_order":0,"comment_status":"closed","ping_status":"closed","template":"","meta":{"footnotes":""},"class_list":["post-24304","page","type-page","status-publish","hentry"],"yoast_head":"<!-- This site is optimized with the Yoast SEO plugin v27.2 - https:\/\/yoast.com\/product\/yoast-seo-wordpress\/ -->\n<title>AVISO DE PRIVACIDAD - Lic. Ricardo Del Monte Madrigal<\/title>\n<meta name=\"robots\" content=\"index, follow, max-snippet:-1, max-image-preview:large, max-video-preview:-1\" \/>\n<link rel=\"canonical\" href=\"https:\/\/notaria32tijuana.com\/loginwp\/notaria-32-tijuana-lic-ricardo-del-monte-madrigal\/aviso-de-privacidad\/\" \/>\n<meta property=\"og:locale\" content=\"es_MX\" \/>\n<meta property=\"og:type\" content=\"article\" \/>\n<meta property=\"og:title\" content=\"AVISO DE PRIVACIDAD - Lic. Ricardo Del Monte Madrigal\" \/>\n<meta property=\"og:description\" content=\"AVISO DE PRIVACIDAD \u00a0 NOTARIA 32 TIJUANA, S.C. y RICARDO DEL MONTE MADRIGAL, todos con domicilio en Calle Sonoita 10,288 Fraccionamiento Chapultepec, en Tijuana, Baja California. C. P. 22020 son los responsables del uso y protecci\u00f3n de sus datos personales, y al respecto le informamos lo siguiente: \u00a0 1.- \u00bfPARA QU\u00c9 FINES UTILIZAREMOS SUS DATOS [&hellip;]\" \/>\n<meta property=\"og:url\" content=\"https:\/\/notaria32tijuana.com\/loginwp\/notaria-32-tijuana-lic-ricardo-del-monte-madrigal\/aviso-de-privacidad\/\" \/>\n<meta property=\"og:site_name\" content=\"Lic. Ricardo Del Monte Madrigal\" \/>\n<meta property=\"article:publisher\" content=\"https:\/\/www.facebook.com\/Notaria32Tijuana\" \/>\n<meta property=\"article:modified_time\" content=\"2025-03-11T19:09:15+00:00\" \/>\n<meta property=\"og:image\" content=\"https:\/\/notaria32tijuana.com\/loginwp\/wp-content\/uploads\/2025\/02\/Notaria-32_LOGO_2025-e1740606370101.png\" \/>\n\t<meta property=\"og:image:width\" content=\"800\" \/>\n\t<meta property=\"og:image:height\" content=\"302\" \/>\n\t<meta property=\"og:image:type\" content=\"image\/png\" \/>\n<meta name=\"twitter:card\" content=\"summary_large_image\" \/>\n<meta name=\"twitter:label1\" content=\"Tiempo de lectura\" \/>\n\t<meta name=\"twitter:data1\" content=\"7 minutos\" \/>\n<script type=\"application\/ld+json\" class=\"yoast-schema-graph\">{\"@context\":\"https:\/\/schema.org\",\"@graph\":[{\"@type\":\"WebPage\",\"@id\":\"https:\/\/notaria32tijuana.com\/loginwp\/notaria-32-tijuana-lic-ricardo-del-monte-madrigal\/aviso-de-privacidad\/\",\"url\":\"https:\/\/notaria32tijuana.com\/loginwp\/notaria-32-tijuana-lic-ricardo-del-monte-madrigal\/aviso-de-privacidad\/\",\"name\":\"AVISO DE PRIVACIDAD - Lic. Ricardo Del Monte Madrigal\",\"isPartOf\":{\"@id\":\"https:\/\/notaria32tijuana.com\/loginwp\/#website\"},\"datePublished\":\"2025-02-19T22:08:35+00:00\",\"dateModified\":\"2025-03-11T19:09:15+00:00\",\"breadcrumb\":{\"@id\":\"https:\/\/notaria32tijuana.com\/loginwp\/notaria-32-tijuana-lic-ricardo-del-monte-madrigal\/aviso-de-privacidad\/#breadcrumb\"},\"inLanguage\":\"es\",\"potentialAction\":[{\"@type\":\"ReadAction\",\"target\":[\"https:\/\/notaria32tijuana.com\/loginwp\/notaria-32-tijuana-lic-ricardo-del-monte-madrigal\/aviso-de-privacidad\/\"]}]},{\"@type\":\"BreadcrumbList\",\"@id\":\"https:\/\/notaria32tijuana.com\/loginwp\/notaria-32-tijuana-lic-ricardo-del-monte-madrigal\/aviso-de-privacidad\/#breadcrumb\",\"itemListElement\":[{\"@type\":\"ListItem\",\"position\":1,\"name\":\"Inicio\",\"item\":\"https:\/\/notaria32tijuana.com\/loginwp\/\"},{\"@type\":\"ListItem\",\"position\":2,\"name\":\"AVISO DE PRIVACIDAD\"}]},{\"@type\":\"WebSite\",\"@id\":\"https:\/\/notaria32tijuana.com\/loginwp\/#website\",\"url\":\"https:\/\/notaria32tijuana.com\/loginwp\/\",\"name\":\"Notaria 32 Tijuana\",\"description\":\"Notaria 32 Tijuana  \",\"publisher\":{\"@id\":\"https:\/\/notaria32tijuana.com\/loginwp\/#organization\"},\"alternateName\":\"Lic. Ricardo Del Monte Madrigal\",\"potentialAction\":[{\"@type\":\"SearchAction\",\"target\":{\"@type\":\"EntryPoint\",\"urlTemplate\":\"https:\/\/notaria32tijuana.com\/loginwp\/?s={search_term_string}\"},\"query-input\":{\"@type\":\"PropertyValueSpecification\",\"valueRequired\":true,\"valueName\":\"search_term_string\"}}],\"inLanguage\":\"es\"},{\"@type\":\"Organization\",\"@id\":\"https:\/\/notaria32tijuana.com\/loginwp\/#organization\",\"name\":\"Lic. Ricardo Del Monte Madrigal Notario 32\",\"alternateName\":\"Notaria 32 Tijuana\",\"url\":\"https:\/\/notaria32tijuana.com\/loginwp\/\",\"logo\":{\"@type\":\"ImageObject\",\"inLanguage\":\"es\",\"@id\":\"https:\/\/notaria32tijuana.com\/loginwp\/#\/schema\/logo\/image\/\",\"url\":\"https:\/\/notaria32tijuana.com\/loginwp\/wp-content\/uploads\/2024\/03\/logo-1.png\",\"contentUrl\":\"https:\/\/notaria32tijuana.com\/loginwp\/wp-content\/uploads\/2024\/03\/logo-1.png\",\"width\":251,\"height\":92,\"caption\":\"Lic. Ricardo Del Monte Madrigal Notario 32\"},\"image\":{\"@id\":\"https:\/\/notaria32tijuana.com\/loginwp\/#\/schema\/logo\/image\/\"},\"sameAs\":[\"https:\/\/www.facebook.com\/Notaria32Tijuana\",\"https:\/\/www.instagram.com\/notaria32tijuana\/\"]}]}<\/script>\n<!-- \/ Yoast SEO plugin. -->","yoast_head_json":{"title":"AVISO DE PRIVACIDAD - Lic. Ricardo Del Monte Madrigal","robots":{"index":"index","follow":"follow","max-snippet":"max-snippet:-1","max-image-preview":"max-image-preview:large","max-video-preview":"max-video-preview:-1"},"canonical":"https:\/\/notaria32tijuana.com\/loginwp\/notaria-32-tijuana-lic-ricardo-del-monte-madrigal\/aviso-de-privacidad\/","og_locale":"es_MX","og_type":"article","og_title":"AVISO DE PRIVACIDAD - Lic. Ricardo Del Monte Madrigal","og_description":"AVISO DE PRIVACIDAD \u00a0 NOTARIA 32 TIJUANA, S.C. y RICARDO DEL MONTE MADRIGAL, todos con domicilio en Calle Sonoita 10,288 Fraccionamiento Chapultepec, en Tijuana, Baja California. C. P. 22020 son los responsables del uso y protecci\u00f3n de sus datos personales, y al respecto le informamos lo siguiente: \u00a0 1.- \u00bfPARA QU\u00c9 FINES UTILIZAREMOS SUS DATOS [&hellip;]","og_url":"https:\/\/notaria32tijuana.com\/loginwp\/notaria-32-tijuana-lic-ricardo-del-monte-madrigal\/aviso-de-privacidad\/","og_site_name":"Lic. Ricardo Del Monte Madrigal","article_publisher":"https:\/\/www.facebook.com\/Notaria32Tijuana","article_modified_time":"2025-03-11T19:09:15+00:00","og_image":[{"width":800,"height":302,"url":"https:\/\/notaria32tijuana.com\/loginwp\/wp-content\/uploads\/2025\/02\/Notaria-32_LOGO_2025-e1740606370101.png","type":"image\/png"}],"twitter_card":"summary_large_image","twitter_misc":{"Tiempo de lectura":"7 minutos"},"schema":{"@context":"https:\/\/schema.org","@graph":[{"@type":"WebPage","@id":"https:\/\/notaria32tijuana.com\/loginwp\/notaria-32-tijuana-lic-ricardo-del-monte-madrigal\/aviso-de-privacidad\/","url":"https:\/\/notaria32tijuana.com\/loginwp\/notaria-32-tijuana-lic-ricardo-del-monte-madrigal\/aviso-de-privacidad\/","name":"AVISO DE PRIVACIDAD - Lic. Ricardo Del Monte Madrigal","isPartOf":{"@id":"https:\/\/notaria32tijuana.com\/loginwp\/#website"},"datePublished":"2025-02-19T22:08:35+00:00","dateModified":"2025-03-11T19:09:15+00:00","breadcrumb":{"@id":"https:\/\/notaria32tijuana.com\/loginwp\/notaria-32-tijuana-lic-ricardo-del-monte-madrigal\/aviso-de-privacidad\/#breadcrumb"},"inLanguage":"es","potentialAction":[{"@type":"ReadAction","target":["https:\/\/notaria32tijuana.com\/loginwp\/notaria-32-tijuana-lic-ricardo-del-monte-madrigal\/aviso-de-privacidad\/"]}]},{"@type":"BreadcrumbList","@id":"https:\/\/notaria32tijuana.com\/loginwp\/notaria-32-tijuana-lic-ricardo-del-monte-madrigal\/aviso-de-privacidad\/#breadcrumb","itemListElement":[{"@type":"ListItem","position":1,"name":"Inicio","item":"https:\/\/notaria32tijuana.com\/loginwp\/"},{"@type":"ListItem","position":2,"name":"AVISO DE PRIVACIDAD"}]},{"@type":"WebSite","@id":"https:\/\/notaria32tijuana.com\/loginwp\/#website","url":"https:\/\/notaria32tijuana.com\/loginwp\/","name":"Notaria 32 Tijuana","description":"Notaria 32 Tijuana  ","publisher":{"@id":"https:\/\/notaria32tijuana.com\/loginwp\/#organization"},"alternateName":"Lic. Ricardo Del Monte Madrigal","potentialAction":[{"@type":"SearchAction","target":{"@type":"EntryPoint","urlTemplate":"https:\/\/notaria32tijuana.com\/loginwp\/?s={search_term_string}"},"query-input":{"@type":"PropertyValueSpecification","valueRequired":true,"valueName":"search_term_string"}}],"inLanguage":"es"},{"@type":"Organization","@id":"https:\/\/notaria32tijuana.com\/loginwp\/#organization","name":"Lic. Ricardo Del Monte Madrigal Notario 32","alternateName":"Notaria 32 Tijuana","url":"https:\/\/notaria32tijuana.com\/loginwp\/","logo":{"@type":"ImageObject","inLanguage":"es","@id":"https:\/\/notaria32tijuana.com\/loginwp\/#\/schema\/logo\/image\/","url":"https:\/\/notaria32tijuana.com\/loginwp\/wp-content\/uploads\/2024\/03\/logo-1.png","contentUrl":"https:\/\/notaria32tijuana.com\/loginwp\/wp-content\/uploads\/2024\/03\/logo-1.png","width":251,"height":92,"caption":"Lic. Ricardo Del Monte Madrigal Notario 32"},"image":{"@id":"https:\/\/notaria32tijuana.com\/loginwp\/#\/schema\/logo\/image\/"},"sameAs":["https:\/\/www.facebook.com\/Notaria32Tijuana","https:\/\/www.instagram.com\/notaria32tijuana\/"]}]}},"_links":{"self":[{"href":"https:\/\/notaria32tijuana.com\/loginwp\/wp-json\/wp\/v2\/pages\/24304","targetHints":{"allow":["GET"]}}],"collection":[{"href":"https:\/\/notaria32tijuana.com\/loginwp\/wp-json\/wp\/v2\/pages"}],"about":[{"href":"https:\/\/notaria32tijuana.com\/loginwp\/wp-json\/wp\/v2\/types\/page"}],"author":[{"embeddable":true,"href":"https:\/\/notaria32tijuana.com\/loginwp\/wp-json\/wp\/v2\/users\/1"}],"replies":[{"embeddable":true,"href":"https:\/\/notaria32tijuana.com\/loginwp\/wp-json\/wp\/v2\/comments?post=24304"}],"version-history":[{"count":16,"href":"https:\/\/notaria32tijuana.com\/loginwp\/wp-json\/wp\/v2\/pages\/24304\/revisions"}],"predecessor-version":[{"id":24327,"href":"https:\/\/notaria32tijuana.com\/loginwp\/wp-json\/wp\/v2\/pages\/24304\/revisions\/24327"}],"up":[{"embeddable":true,"href":"https:\/\/notaria32tijuana.com\/loginwp\/wp-json\/wp\/v2\/pages\/18617"}],"wp:attachment":[{"href":"https:\/\/notaria32tijuana.com\/loginwp\/wp-json\/wp\/v2\/media?parent=24304"}],"curies":[{"name":"wp","href":"https:\/\/api.w.org\/{rel}","templated":true}]}}